{"id":3319,"date":"2021-03-31T11:31:14","date_gmt":"2021-03-31T09:31:14","guid":{"rendered":"http:\/\/autosnifers.com\/kontakt\/"},"modified":"2021-03-31T15:06:08","modified_gmt":"2021-03-31T13:06:08","slug":"kontakt","status":"publish","type":"page","link":"https:\/\/autosnifers.com\/de\/kontakt\/","title":{"rendered":"Kontakt"},"content":{"rendered":"<div class=\"wpb-content-wrapper\"><p>[vc_row full_width=&#8220;stretch_row&#8220; full_height=&#8220;yes&#8220; equal_height=&#8220;yes&#8220; content_placement=&#8220;middle&#8220; el_id=&#8220;contact_us&#8220; css=&#8220;.vc_custom_1529228014388{background-color: #f9f9f9 !important;}&#8220;][vc_column width=&#8220;2\/3&#8243; el_class=&#8220;contact_form&#8220; css=&#8220;.vc_custom_1520770810199{padding-right: 50px !important;}&#8220; offset=&#8220;vc_col-lg-6 vc_col-md-7&#8243;][vc_empty_space][vc_row_inner content_placement=&#8220;middle&#8220;][vc_column_inner width=&#8220;1\/4&#8243;][vc_icon icon_fontawesome=&#8220;fa fa-map-marker&#8220; color=&#8220;white&#8220; background_style=&#8220;rounded&#8220; background_color=&#8220;secondary_color_background&#8220; align=&#8220;center&#8220; css_animation=&#8220;flipInX&#8220; el_class=&#8220;contact_icon&#8220;][\/vc_column_inner][vc_column_inner width=&#8220;1\/4&#8243;][vc_column_text css=&#8220;.vc_custom_1583500471140{border-right-width: 1px !important;}&#8220;]<strong>Richtung<\/strong><br \/>\nC\/ Del Balandre, 2 Loc. 7<br \/>\nPalma de Mallorca<br \/>\n07610 (Balearic Islands)[\/vc_column_text][\/vc_column_inner][vc_column_inner width=&#8220;1\/4&#8243;][vc_icon icon_fontawesome=&#8220;fa fa-phone&#8220; color=&#8220;white&#8220; background_style=&#8220;rounded&#8220; background_color=&#8220;secondary_color_background&#8220; align=&#8220;center&#8220; css_animation=&#8220;flipInX&#8220; el_class=&#8220;contact_icon&#8220;][\/vc_column_inner][vc_column_inner width=&#8220;1\/4&#8243;][vc_column_text css=&#8220;.vc_custom_1583500457653{border-right-width: 1px !important;padding-right: 0px !important;}&#8220;]<strong>Telefone<\/strong><br \/>\nTel: +34 971 262 434<br \/>\nFax: +34 971 262 338[\/vc_column_text][\/vc_column_inner][\/vc_row_inner]<div class=\"fancy-title align_left\"><h2 class=\"vc_underline_title vc_title\">Kontaktiere uns<\/h2><div class=\"vc_underline secondary_color_background\"><\/div><\/div>[vc_column_text css=&#8220;.vc_custom_1583500507380{margin-bottom: 10px !important;}&#8220;]Wenn Sie Informationen anfordern m\u00f6chten, f\u00fcllen Sie bitte das folgende Formular aus und senden Sie es ab. Sie werden in K\u00fcrze von unseren Mitarbeitern kontaktiert.[\/vc_column_text]\n<div class=\"wpcf7 no-js\" id=\"wpcf7-f3390-o1\" lang=\"es-ES\" dir=\"ltr\" data-wpcf7-id=\"3390\">\n<div class=\"screen-reader-response\"><p role=\"status\" aria-live=\"polite\" aria-atomic=\"true\"><\/p> <ul><\/ul><\/div>\n<form action=\"\/de\/wp-json\/wp\/v2\/pages\/3319#wpcf7-f3390-o1\" method=\"post\" class=\"wpcf7-form init\" aria-label=\"Formulario de contacto\" novalidate=\"novalidate\" data-status=\"init\">\n<fieldset class=\"hidden-fields-container\"><input type=\"hidden\" name=\"_wpcf7\" value=\"3390\" \/><input type=\"hidden\" name=\"_wpcf7_version\" value=\"6.1.6\" \/><input type=\"hidden\" name=\"_wpcf7_locale\" value=\"es_ES\" \/><input type=\"hidden\" name=\"_wpcf7_unit_tag\" value=\"wpcf7-f3390-o1\" \/><input type=\"hidden\" name=\"_wpcf7_container_post\" value=\"0\" \/><input type=\"hidden\" name=\"_wpcf7_posted_data_hash\" value=\"\" \/>\n<\/fieldset>\n<div class=\"row\">\n <div class=\"col-sm-6\">\n  <span class=\"wpcf7-form-control-wrap\" data-name=\"your-name\"><input size=\"40\" maxlength=\"400\" class=\"wpcf7-form-control wpcf7-text wpcf7-validates-as-required\" aria-required=\"true\" aria-invalid=\"false\" placeholder=\"Name\" value=\"\" type=\"text\" name=\"your-name\" \/><\/span>\n <\/div>\n <div class=\"col-sm-6\">\n  <span class=\"wpcf7-form-control-wrap\" data-name=\"your-email\"><input size=\"40\" maxlength=\"400\" class=\"wpcf7-form-control wpcf7-email wpcf7-validates-as-required wpcf7-text wpcf7-validates-as-email\" aria-required=\"true\" aria-invalid=\"false\" placeholder=\"Email\" value=\"\" type=\"email\" name=\"your-email\" \/><\/span>\n <\/div>\n <div class=\"col-sm-6\">\n  <span class=\"wpcf7-form-control-wrap\" data-name=\"your-tel\"><input size=\"40\" maxlength=\"400\" class=\"wpcf7-form-control wpcf7-tel wpcf7-text wpcf7-validates-as-tel\" aria-invalid=\"false\" value=\"Telefon\" type=\"tel\" name=\"your-tel\" \/><\/span>\n <\/div>\n <div class=\"col-sm-6\">\n <span class=\"wpcf7-form-control-wrap\" data-name=\"your-subject\"><input size=\"40\" maxlength=\"400\" class=\"wpcf7-form-control wpcf7-text\" aria-invalid=\"false\" placeholder=\"Gegenstand\" value=\"\" type=\"text\" name=\"your-subject\" \/><\/span>\n <\/div>\n<\/div>\n<span class=\"wpcf7-form-control-wrap\" data-name=\"your-message\"><textarea cols=\"50\" rows=\"5\" maxlength=\"2000\" class=\"wpcf7-form-control wpcf7-textarea\" aria-invalid=\"false\" placeholder=\"Botschaft\" name=\"your-message\"><\/textarea><\/span>\n<span class=\"wpcf7-form-control-wrap\" data-name=\"acceptance-929\"><span class=\"wpcf7-form-control wpcf7-acceptance\"><span class=\"wpcf7-list-item\"><input type=\"checkbox\" name=\"acceptance-929\" value=\"1\" aria-invalid=\"false\" \/><\/span><\/span><\/span> Ich akzeptiere die <a href=\"\/de\/nutzungsbedingungen\/\">Nutzungsbedingungen.<\/a><br\/>\n<input class=\"wpcf7-form-control wpcf7-submit has-spinner\" type=\"submit\" value=\"Senden\" \/><div class=\"wpcf7-response-output\" aria-hidden=\"true\"><\/div>\n<\/form>\n<\/div>\n[vc_empty_space][\/vc_column][vc_column width=&#8220;1\/3&#8243; offset=&#8220;vc_col-lg-6 vc_col-md-5&#8243;][vc_empty_space][vc_gmaps link=&#8220;#E-8_JTNDaWZyYW1lJTIwc3JjJTNEJTIyaHR0cHMlM0ElMkYlMkZ3d3cuZ29vZ2xlLmNvbSUyRm1hcHMlMkZlbWJlZCUzRnBiJTNEJTIxMW0xNCUyMTFtOCUyMTFtMyUyMTFkNzY5LjI5MTUxMTkzODYxOSUyMTJkMi43MjM3NTElMjEzZDM5LjUzMzMwOCUyMTNtMiUyMTFpMTAyNCUyMTJpNzY4JTIxNGYxMy4xJTIxM20zJTIxMW0yJTIxMXMweDAlMjUzQTB4OTE5Nzg1M2U3ZTM3ODgwNSUyMTJzQXV0b3MlMjUyME5pZmVycyUyNTIwU0wlMjE1ZTAlMjEzbTIlMjExc2VzJTIxMnNlcyUyMTR2MTU4MzUwMDM5NDc0NyUyMTVtMiUyMTFzZXMlMjEyc2VzJTIyJTIwd2lkdGglM0QlMjI2MDAlMjIlMjBoZWlnaHQlM0QlMjI0NTAlMjIlMjBmcmFtZWJvcmRlciUzRCUyMjAlMjIlMjBzdHlsZSUzRCUyMmJvcmRlciUzQTAlM0IlMjIlMjBhbGxvd2Z1bGxzY3JlZW4lM0QlMjIlMjIlM0UlM0MlMkZpZnJhbWUlM0U=&#8220; size=&#8220;600px&#8220; css=&#8220;.vc_custom_1583500404722{margin-right: 50px !important;}&#8220;][vc_empty_space][\/vc_column][\/vc_row]<\/p>\n<\/div>","protected":false},"excerpt":{"rendered":"<p>[vc_row full_width=&#8220;stretch_row&#8220; full_height=&#8220;yes&#8220; equal_height=&#8220;yes&#8220; content_placement=&#8220;middle&#8220; el_id=&#8220;contact_us&#8220; css=&#8220;.vc_custom_1529228014388{background-color: #f9f9f9 !important;}&#8220;][vc_column width=&#8220;2\/3&#8243; el_class=&#8220;contact_form&#8220; css=&#8220;.vc_custom_1520770810199{padding-right: 50px !important;}&#8220; offset=&#8220;vc_col-lg-6 vc_col-md-7&#8243;][vc_empty_space][vc_row_inner content_placement=&#8220;middle&#8220;][vc_column_inner width=&#8220;1\/4&#8243;][vc_icon icon_fontawesome=&#8220;fa fa-map-marker&#8220; color=&#8220;white&#8220; background_style=&#8220;rounded&#8220; background_color=&#8220;secondary_color_background&#8220; align=&#8220;center&#8220; css_animation=&#8220;flipInX&#8220; el_class=&#8220;contact_icon&#8220;][\/vc_column_inner][vc_column_inner width=&#8220;1\/4&#8243;][vc_column_text css=&#8220;.vc_custom_1583500471140{border-right-width: 1px !important;}&#8220;]Richtung C\/ Del Balandre, 2 Loc. 7 Palma de Mallorca 07610 (Balearic Islands)[\/vc_column_text][\/vc_column_inner][vc_column_inner width=&#8220;1\/4&#8243;][vc_icon icon_fontawesome=&#8220;fa fa-phone&#8220; color=&#8220;white&#8220; background_style=&#8220;rounded&#8220; background_color=&#8220;secondary_color_background&#8220; align=&#8220;center&#8220; css_animation=&#8220;flipInX&#8220; el_class=&#8220;contact_icon&#8220;][\/vc_column_inner][vc_column_inner width=&#8220;1\/4&#8243;][vc_column_text css=&#8220;.vc_custom_1583500457653{border-right-width: 1px !important;padding-right: [&hellip;]<\/p>\n","protected":false},"author":1,"featured_media":0,"parent":0,"menu_order":0,"comment_status":"closed","ping_status":"closed","template":"homepage.php","meta":{"footnotes":""},"class_list":["post-3319","page","type-page","status-publish","hentry"],"_links":{"self":[{"href":"https:\/\/autosnifers.com\/de\/wp-json\/wp\/v2\/pages\/3319","targetHints":{"allow":["GET"]}}],"collection":[{"href":"https:\/\/autosnifers.com\/de\/wp-json\/wp\/v2\/pages"}],"about":[{"href":"https:\/\/autosnifers.com\/de\/wp-json\/wp\/v2\/types\/page"}],"author":[{"embeddable":true,"href":"https:\/\/autosnifers.com\/de\/wp-json\/wp\/v2\/users\/1"}],"replies":[{"embeddable":true,"href":"https:\/\/autosnifers.com\/de\/wp-json\/wp\/v2\/comments?post=3319"}],"version-history":[{"count":6,"href":"https:\/\/autosnifers.com\/de\/wp-json\/wp\/v2\/pages\/3319\/revisions"}],"predecessor-version":[{"id":3392,"href":"https:\/\/autosnifers.com\/de\/wp-json\/wp\/v2\/pages\/3319\/revisions\/3392"}],"wp:attachment":[{"href":"https:\/\/autosnifers.com\/de\/wp-json\/wp\/v2\/media?parent=3319"}],"curies":[{"name":"wp","href":"https:\/\/api.w.org\/{rel}","templated":true}]}}